{"id":22,"date":"2025-03-22T21:26:11","date_gmt":"2025-03-22T21:26:11","guid":{"rendered":"https:\/\/narwhalit.com\/web\/offering\/"},"modified":"2025-03-28T01:32:50","modified_gmt":"2025-03-28T01:32:50","slug":"offering","status":"publish","type":"page","link":"https:\/\/narwhalit.com\/web\/offering\/","title":{"rendered":"Pilares"},"content":{"rendered":"\t\t<div data-elementor-type=\"wp-page\" data-elementor-id=\"22\" class=\"elementor elementor-22\">\n\t\t\t\t<div class=\"elementor-element elementor-element-7b2d73a e-flex e-con-boxed e-con e-parent\" data-id=\"7b2d73a\" data-element_type=\"container\" data-settings=\"{&quot;background_background&quot;:&quot;classic&quot;}\">\n\t\t\t\t\t<div class=\"e-con-inner\">\n\t\t\t\t\t<\/div>\n\t\t\t\t<\/div>\n\t\t<div class=\"elementor-element elementor-element-13ab1e5 e-flex e-con-boxed e-con e-parent\" data-id=\"13ab1e5\" data-element_type=\"container\">\n\t\t\t\t\t<div class=\"e-con-inner\">\n\t\t<div class=\"elementor-element elementor-element-3970457 e-con-full e-flex e-con e-child\" data-id=\"3970457\" data-element_type=\"container\">\n\t\t<div class=\"elementor-element elementor-element-2ecf451 e-con-full e-flex e-con e-child\" data-id=\"2ecf451\" data-element_type=\"container\">\n\t\t\t\t<div class=\"elementor-element elementor-element-6a6f19a elementor-widget elementor-widget-heading\" data-id=\"6a6f19a\" data-element_type=\"widget\" data-widget_type=\"heading.default\">\n\t\t\t\t<div class=\"elementor-widget-container\">\n\t\t\t\t\t<div class=\"elementor-heading-title elementor-size-default\">01<\/div>\t\t\t\t<\/div>\n\t\t\t\t<\/div>\n\t\t\t\t<div class=\"elementor-element elementor-element-ccec2e8 elementor-invisible elementor-widget elementor-widget-image-box\" data-id=\"ccec2e8\" data-element_type=\"widget\" data-settings=\"{&quot;_animation&quot;:&quot;zoomInDown&quot;}\" data-widget_type=\"image-box.default\">\n\t\t\t\t<div class=\"elementor-widget-container\">\n\t\t\t\t\t<div class=\"elementor-image-box-wrapper\"><div class=\"elementor-image-box-content\"><h2 class=\"elementor-image-box-title\">Responsabilidad<\/h2><p class=\"elementor-image-box-description\">Asumir la responsabilidad de las acciones y decisiones, y comprometerse con los resultados. <\/p><\/div><\/div>\t\t\t\t<\/div>\n\t\t\t\t<\/div>\n\t\t\t\t<\/div>\n\t\t<div class=\"elementor-element elementor-element-a167c94 e-con-full e-flex e-con e-child\" data-id=\"a167c94\" data-element_type=\"container\">\n\t\t\t\t<div class=\"elementor-element elementor-element-8c9a1dd e-transform elementor-widget elementor-widget-image\" data-id=\"8c9a1dd\" data-element_type=\"widget\" data-settings=\"{&quot;_transform_scale_effect_hover&quot;:{&quot;unit&quot;:&quot;px&quot;,&quot;size&quot;:0.90000000000000002220446049250313080847263336181640625,&quot;sizes&quot;:[]},&quot;_transform_scale_effect_hover_tablet&quot;:{&quot;unit&quot;:&quot;px&quot;,&quot;size&quot;:&quot;&quot;,&quot;sizes&quot;:[]},&quot;_transform_scale_effect_hover_mobile&quot;:{&quot;unit&quot;:&quot;px&quot;,&quot;size&quot;:&quot;&quot;,&quot;sizes&quot;:[]}}\" data-widget_type=\"image.default\">\n\t\t\t\t<div class=\"elementor-widget-container\">\n\t\t\t\t\t\t\t\t\t\t\t\t\t\t\t<img fetchpriority=\"high\" decoding=\"async\" width=\"1751\" height=\"2001\" src=\"https:\/\/narwhalit.com\/web\/wp-content\/uploads\/2025\/03\/pilares_1-copia-4.jpg\" class=\"attachment-full size-full wp-image-1904\" alt=\"\" srcset=\"https:\/\/narwhalit.com\/web\/wp-content\/uploads\/2025\/03\/pilares_1-copia-4.jpg 1751w, https:\/\/narwhalit.com\/web\/wp-content\/uploads\/2025\/03\/pilares_1-copia-4-263x300.jpg 263w, https:\/\/narwhalit.com\/web\/wp-content\/uploads\/2025\/03\/pilares_1-copia-4-896x1024.jpg 896w, https:\/\/narwhalit.com\/web\/wp-content\/uploads\/2025\/03\/pilares_1-copia-4-768x878.jpg 768w, https:\/\/narwhalit.com\/web\/wp-content\/uploads\/2025\/03\/pilares_1-copia-4-1344x1536.jpg 1344w, https:\/\/narwhalit.com\/web\/wp-content\/uploads\/2025\/03\/pilares_1-copia-4-600x686.jpg 600w\" sizes=\"(max-width: 1751px) 100vw, 1751px\" \/>\t\t\t\t\t\t\t\t\t\t\t\t\t\t\t<\/div>\n\t\t\t\t<\/div>\n\t\t\t\t<\/div>\n\t\t\t\t<\/div>\n\t\t<div class=\"elementor-element elementor-element-34cd3a6 e-con-full e-flex e-con e-child\" data-id=\"34cd3a6\" data-element_type=\"container\">\n\t\t<div class=\"elementor-element elementor-element-e1d6917 e-con-full e-flex e-con e-child\" data-id=\"e1d6917\" data-element_type=\"container\">\n\t\t\t\t<div class=\"elementor-element elementor-element-0b4be3b elementor-widget elementor-widget-heading\" data-id=\"0b4be3b\" data-element_type=\"widget\" data-widget_type=\"heading.default\">\n\t\t\t\t<div class=\"elementor-widget-container\">\n\t\t\t\t\t<div class=\"elementor-heading-title elementor-size-default\">02<\/div>\t\t\t\t<\/div>\n\t\t\t\t<\/div>\n\t\t\t\t<div class=\"elementor-element elementor-element-100a73f elementor-invisible elementor-widget elementor-widget-image-box\" data-id=\"100a73f\" data-element_type=\"widget\" data-settings=\"{&quot;_animation&quot;:&quot;zoomInDown&quot;}\" data-widget_type=\"image-box.default\">\n\t\t\t\t<div class=\"elementor-widget-container\">\n\t\t\t\t\t<div class=\"elementor-image-box-wrapper\"><div class=\"elementor-image-box-content\"><h2 class=\"elementor-image-box-title\">Innovaci\u00f3n<\/h2><p class=\"elementor-image-box-description\">Fomentar la creatividad y la b\u00fasqueda continua de nuevas ideas y mejores soluciones. <\/p><\/div><\/div>\t\t\t\t<\/div>\n\t\t\t\t<\/div>\n\t\t\t\t<\/div>\n\t\t<div class=\"elementor-element elementor-element-4a82fea e-con-full e-flex e-con e-child\" data-id=\"4a82fea\" data-element_type=\"container\">\n\t\t\t\t<div class=\"elementor-element elementor-element-232328f e-transform elementor-widget elementor-widget-image\" data-id=\"232328f\" data-element_type=\"widget\" data-settings=\"{&quot;_transform_scale_effect_hover&quot;:{&quot;unit&quot;:&quot;px&quot;,&quot;size&quot;:0.90000000000000002220446049250313080847263336181640625,&quot;sizes&quot;:[]},&quot;_transform_scale_effect_hover_tablet&quot;:{&quot;unit&quot;:&quot;px&quot;,&quot;size&quot;:&quot;&quot;,&quot;sizes&quot;:[]},&quot;_transform_scale_effect_hover_mobile&quot;:{&quot;unit&quot;:&quot;px&quot;,&quot;size&quot;:&quot;&quot;,&quot;sizes&quot;:[]}}\" data-widget_type=\"image.default\">\n\t\t\t\t<div class=\"elementor-widget-container\">\n\t\t\t\t\t\t\t\t\t\t\t\t\t\t\t<img decoding=\"async\" width=\"1751\" height=\"2001\" src=\"https:\/\/narwhalit.com\/web\/wp-content\/uploads\/2025\/03\/pilares_1.jpg\" class=\"attachment-full size-full wp-image-1906\" alt=\"\" srcset=\"https:\/\/narwhalit.com\/web\/wp-content\/uploads\/2025\/03\/pilares_1.jpg 1751w, https:\/\/narwhalit.com\/web\/wp-content\/uploads\/2025\/03\/pilares_1-263x300.jpg 263w, https:\/\/narwhalit.com\/web\/wp-content\/uploads\/2025\/03\/pilares_1-896x1024.jpg 896w, https:\/\/narwhalit.com\/web\/wp-content\/uploads\/2025\/03\/pilares_1-768x878.jpg 768w, https:\/\/narwhalit.com\/web\/wp-content\/uploads\/2025\/03\/pilares_1-1344x1536.jpg 1344w, https:\/\/narwhalit.com\/web\/wp-content\/uploads\/2025\/03\/pilares_1-600x686.jpg 600w\" sizes=\"(max-width: 1751px) 100vw, 1751px\" \/>\t\t\t\t\t\t\t\t\t\t\t\t\t\t\t<\/div>\n\t\t\t\t<\/div>\n\t\t\t\t<\/div>\n\t\t\t\t<\/div>\n\t\t<div class=\"elementor-element elementor-element-8ad9b87 e-con-full e-flex e-con e-child\" data-id=\"8ad9b87\" data-element_type=\"container\">\n\t\t<div class=\"elementor-element elementor-element-3706a6f e-con-full e-flex e-con e-child\" data-id=\"3706a6f\" data-element_type=\"container\">\n\t\t\t\t<div class=\"elementor-element elementor-element-b22bd81 elementor-widget elementor-widget-heading\" data-id=\"b22bd81\" data-element_type=\"widget\" data-widget_type=\"heading.default\">\n\t\t\t\t<div class=\"elementor-widget-container\">\n\t\t\t\t\t<div class=\"elementor-heading-title elementor-size-default\">03<\/div>\t\t\t\t<\/div>\n\t\t\t\t<\/div>\n\t\t\t\t<div class=\"elementor-element elementor-element-ed6836d elementor-invisible elementor-widget elementor-widget-image-box\" data-id=\"ed6836d\" data-element_type=\"widget\" data-settings=\"{&quot;_animation&quot;:&quot;zoomInDown&quot;}\" data-widget_type=\"image-box.default\">\n\t\t\t\t<div class=\"elementor-widget-container\">\n\t\t\t\t\t<div class=\"elementor-image-box-wrapper\"><div class=\"elementor-image-box-content\"><h2 class=\"elementor-image-box-title\">Trabajo en Equipo<\/h2><p class=\"elementor-image-box-description\">Fomentar la colaboraci\u00f3n, la comunicaci\u00f3n y el apoyo mutuo para lograr objetivos comunes. <\/p><\/div><\/div>\t\t\t\t<\/div>\n\t\t\t\t<\/div>\n\t\t\t\t<\/div>\n\t\t<div class=\"elementor-element elementor-element-5da6000 e-con-full e-flex e-con e-child\" data-id=\"5da6000\" data-element_type=\"container\">\n\t\t\t\t<div class=\"elementor-element elementor-element-a93acc3 e-transform elementor-widget elementor-widget-image\" data-id=\"a93acc3\" data-element_type=\"widget\" data-settings=\"{&quot;_transform_scale_effect_hover&quot;:{&quot;unit&quot;:&quot;px&quot;,&quot;size&quot;:0.90000000000000002220446049250313080847263336181640625,&quot;sizes&quot;:[]},&quot;_transform_scale_effect_hover_tablet&quot;:{&quot;unit&quot;:&quot;px&quot;,&quot;size&quot;:&quot;&quot;,&quot;sizes&quot;:[]},&quot;_transform_scale_effect_hover_mobile&quot;:{&quot;unit&quot;:&quot;px&quot;,&quot;size&quot;:&quot;&quot;,&quot;sizes&quot;:[]}}\" data-widget_type=\"image.default\">\n\t\t\t\t<div class=\"elementor-widget-container\">\n\t\t\t\t\t\t\t\t\t\t\t\t\t\t\t<img decoding=\"async\" width=\"1751\" height=\"2001\" src=\"https:\/\/narwhalit.com\/web\/wp-content\/uploads\/2025\/03\/pilares_1-copia-2.jpg\" class=\"attachment-full size-full wp-image-1902\" alt=\"\" srcset=\"https:\/\/narwhalit.com\/web\/wp-content\/uploads\/2025\/03\/pilares_1-copia-2.jpg 1751w, https:\/\/narwhalit.com\/web\/wp-content\/uploads\/2025\/03\/pilares_1-copia-2-263x300.jpg 263w, https:\/\/narwhalit.com\/web\/wp-content\/uploads\/2025\/03\/pilares_1-copia-2-896x1024.jpg 896w, https:\/\/narwhalit.com\/web\/wp-content\/uploads\/2025\/03\/pilares_1-copia-2-768x878.jpg 768w, https:\/\/narwhalit.com\/web\/wp-content\/uploads\/2025\/03\/pilares_1-copia-2-1344x1536.jpg 1344w, https:\/\/narwhalit.com\/web\/wp-content\/uploads\/2025\/03\/pilares_1-copia-2-600x686.jpg 600w\" sizes=\"(max-width: 1751px) 100vw, 1751px\" \/>\t\t\t\t\t\t\t\t\t\t\t\t\t\t\t<\/div>\n\t\t\t\t<\/div>\n\t\t\t\t<\/div>\n\t\t\t\t<\/div>\n\t\t<div class=\"elementor-element elementor-element-ba7084d e-con-full e-flex e-con e-child\" data-id=\"ba7084d\" data-element_type=\"container\">\n\t\t<div class=\"elementor-element elementor-element-289dc2f e-con-full e-flex e-con e-child\" data-id=\"289dc2f\" data-element_type=\"container\">\n\t\t\t\t<div class=\"elementor-element elementor-element-edb196f elementor-widget elementor-widget-heading\" data-id=\"edb196f\" data-element_type=\"widget\" data-widget_type=\"heading.default\">\n\t\t\t\t<div class=\"elementor-widget-container\">\n\t\t\t\t\t<div class=\"elementor-heading-title elementor-size-default\">04<\/div>\t\t\t\t<\/div>\n\t\t\t\t<\/div>\n\t\t\t\t<div class=\"elementor-element elementor-element-5cbaa13 elementor-invisible elementor-widget elementor-widget-image-box\" data-id=\"5cbaa13\" data-element_type=\"widget\" data-settings=\"{&quot;_animation&quot;:&quot;zoomInDown&quot;}\" data-widget_type=\"image-box.default\">\n\t\t\t\t<div class=\"elementor-widget-container\">\n\t\t\t\t\t<div class=\"elementor-image-box-wrapper\"><div class=\"elementor-image-box-content\"><h2 class=\"elementor-image-box-title\">Adaptabilidad<\/h2><p class=\"elementor-image-box-description\">Ser capaces de adaptarse r\u00e1pidamente a los cambios del mercado y del entorno operativo. <\/p><\/div><\/div>\t\t\t\t<\/div>\n\t\t\t\t<\/div>\n\t\t\t\t<\/div>\n\t\t<div class=\"elementor-element elementor-element-f421228 e-con-full e-flex e-con e-child\" data-id=\"f421228\" data-element_type=\"container\">\n\t\t\t\t<div class=\"elementor-element elementor-element-72c21bb e-transform elementor-widget elementor-widget-image\" data-id=\"72c21bb\" data-element_type=\"widget\" data-settings=\"{&quot;_transform_scale_effect_hover&quot;:{&quot;unit&quot;:&quot;px&quot;,&quot;size&quot;:0.90000000000000002220446049250313080847263336181640625,&quot;sizes&quot;:[]},&quot;_transform_scale_effect_hover_tablet&quot;:{&quot;unit&quot;:&quot;px&quot;,&quot;size&quot;:&quot;&quot;,&quot;sizes&quot;:[]},&quot;_transform_scale_effect_hover_mobile&quot;:{&quot;unit&quot;:&quot;px&quot;,&quot;size&quot;:&quot;&quot;,&quot;sizes&quot;:[]}}\" data-widget_type=\"image.default\">\n\t\t\t\t<div class=\"elementor-widget-container\">\n\t\t\t\t\t\t\t\t\t\t\t\t\t\t\t<img loading=\"lazy\" decoding=\"async\" width=\"1751\" height=\"2001\" src=\"https:\/\/narwhalit.com\/web\/wp-content\/uploads\/2025\/03\/pilares_1-copia-3.jpg\" class=\"attachment-full size-full wp-image-1903\" alt=\"\" srcset=\"https:\/\/narwhalit.com\/web\/wp-content\/uploads\/2025\/03\/pilares_1-copia-3.jpg 1751w, https:\/\/narwhalit.com\/web\/wp-content\/uploads\/2025\/03\/pilares_1-copia-3-263x300.jpg 263w, https:\/\/narwhalit.com\/web\/wp-content\/uploads\/2025\/03\/pilares_1-copia-3-896x1024.jpg 896w, https:\/\/narwhalit.com\/web\/wp-content\/uploads\/2025\/03\/pilares_1-copia-3-768x878.jpg 768w, https:\/\/narwhalit.com\/web\/wp-content\/uploads\/2025\/03\/pilares_1-copia-3-1344x1536.jpg 1344w, https:\/\/narwhalit.com\/web\/wp-content\/uploads\/2025\/03\/pilares_1-copia-3-600x686.jpg 600w\" sizes=\"(max-width: 1751px) 100vw, 1751px\" \/>\t\t\t\t\t\t\t\t\t\t\t\t\t\t\t<\/div>\n\t\t\t\t<\/div>\n\t\t\t\t<\/div>\n\t\t\t\t<\/div>\n\t\t<div class=\"elementor-element elementor-element-924591c e-con-full e-flex e-con e-child\" data-id=\"924591c\" data-element_type=\"container\">\n\t\t<div class=\"elementor-element elementor-element-f7adb7e e-con-full e-flex e-con e-child\" data-id=\"f7adb7e\" data-element_type=\"container\">\n\t\t\t\t<div class=\"elementor-element elementor-element-2c66369 elementor-widget elementor-widget-heading\" data-id=\"2c66369\" data-element_type=\"widget\" data-widget_type=\"heading.default\">\n\t\t\t\t<div class=\"elementor-widget-container\">\n\t\t\t\t\t<div class=\"elementor-heading-title elementor-size-default\">05<\/div>\t\t\t\t<\/div>\n\t\t\t\t<\/div>\n\t\t\t\t<div class=\"elementor-element elementor-element-6592577 elementor-invisible elementor-widget elementor-widget-image-box\" data-id=\"6592577\" data-element_type=\"widget\" data-settings=\"{&quot;_animation&quot;:&quot;zoomInDown&quot;}\" data-widget_type=\"image-box.default\">\n\t\t\t\t<div class=\"elementor-widget-container\">\n\t\t\t\t\t<div class=\"elementor-image-box-wrapper\"><div class=\"elementor-image-box-content\"><h2 class=\"elementor-image-box-title\">Compromiso con el Cliente<\/h2><p class=\"elementor-image-box-description\">Centrarse en satisfacer y superar las expectativas del cliente.<\/p><\/div><\/div>\t\t\t\t<\/div>\n\t\t\t\t<\/div>\n\t\t\t\t<\/div>\n\t\t<div class=\"elementor-element elementor-element-ee84d54 e-con-full e-flex e-con e-child\" data-id=\"ee84d54\" data-element_type=\"container\">\n\t\t\t\t<div class=\"elementor-element elementor-element-9b4e962 e-transform e-transform elementor-widget elementor-widget-image\" data-id=\"9b4e962\" data-element_type=\"widget\" data-settings=\"{&quot;_transform_scale_effect_hover&quot;:{&quot;unit&quot;:&quot;px&quot;,&quot;size&quot;:0.90000000000000002220446049250313080847263336181640625,&quot;sizes&quot;:[]},&quot;_transform_scale_effect&quot;:{&quot;unit&quot;:&quot;px&quot;,&quot;size&quot;:&quot;&quot;,&quot;sizes&quot;:[]},&quot;_transform_scale_effect_tablet&quot;:{&quot;unit&quot;:&quot;px&quot;,&quot;size&quot;:&quot;&quot;,&quot;sizes&quot;:[]},&quot;_transform_scale_effect_mobile&quot;:{&quot;unit&quot;:&quot;px&quot;,&quot;size&quot;:&quot;&quot;,&quot;sizes&quot;:[]},&quot;_transform_scale_effect_hover_tablet&quot;:{&quot;unit&quot;:&quot;px&quot;,&quot;size&quot;:&quot;&quot;,&quot;sizes&quot;:[]},&quot;_transform_scale_effect_hover_mobile&quot;:{&quot;unit&quot;:&quot;px&quot;,&quot;size&quot;:&quot;&quot;,&quot;sizes&quot;:[]}}\" data-widget_type=\"image.default\">\n\t\t\t\t<div class=\"elementor-widget-container\">\n\t\t\t\t\t\t\t\t\t\t\t\t\t\t\t<img loading=\"lazy\" decoding=\"async\" width=\"420\" height=\"480\" src=\"https:\/\/narwhalit.com\/web\/wp-content\/uploads\/2024\/03\/services-04.jpg\" class=\"attachment-full size-full wp-image-16\" alt=\"\" srcset=\"https:\/\/narwhalit.com\/web\/wp-content\/uploads\/2024\/03\/services-04.jpg 420w, https:\/\/narwhalit.com\/web\/wp-content\/uploads\/2024\/03\/services-04-263x300.jpg 263w\" sizes=\"(max-width: 420px) 100vw, 420px\" \/>\t\t\t\t\t\t\t\t\t\t\t\t\t\t\t<\/div>\n\t\t\t\t<\/div>\n\t\t\t\t<\/div>\n\t\t\t\t<\/div>\n\t\t<div class=\"elementor-element elementor-element-2caa7a6 e-con-full e-flex e-con e-child\" data-id=\"2caa7a6\" data-element_type=\"container\">\n\t\t<div class=\"elementor-element elementor-element-d9bd56e e-con-full e-flex e-con e-child\" data-id=\"d9bd56e\" data-element_type=\"container\">\n\t\t\t\t<div class=\"elementor-element elementor-element-0ce869f elementor-widget elementor-widget-heading\" data-id=\"0ce869f\" data-element_type=\"widget\" data-widget_type=\"heading.default\">\n\t\t\t\t<div class=\"elementor-widget-container\">\n\t\t\t\t\t<div class=\"elementor-heading-title elementor-size-default\">06<\/div>\t\t\t\t<\/div>\n\t\t\t\t<\/div>\n\t\t\t\t<div class=\"elementor-element elementor-element-e78a706 elementor-invisible elementor-widget elementor-widget-image-box\" data-id=\"e78a706\" data-element_type=\"widget\" data-settings=\"{&quot;_animation&quot;:&quot;zoomInDown&quot;}\" data-widget_type=\"image-box.default\">\n\t\t\t\t<div class=\"elementor-widget-container\">\n\t\t\t\t\t<div class=\"elementor-image-box-wrapper\"><div class=\"elementor-image-box-content\"><h2 class=\"elementor-image-box-title\">Liderazgo<\/h2><p class=\"elementor-image-box-description\">Inspirar y guiar a otros para alcanzar su m\u00e1ximo potencial y contribuir al \u00e9xito de la organizaci\u00f3n.<\/p><\/div><\/div>\t\t\t\t<\/div>\n\t\t\t\t<\/div>\n\t\t\t\t<\/div>\n\t\t<div class=\"elementor-element elementor-element-3922bfa e-con-full e-flex e-con e-child\" data-id=\"3922bfa\" data-element_type=\"container\">\n\t\t\t\t<div class=\"elementor-element elementor-element-3cb367c e-transform elementor-widget elementor-widget-image\" data-id=\"3cb367c\" data-element_type=\"widget\" data-settings=\"{&quot;_transform_scale_effect_hover&quot;:{&quot;unit&quot;:&quot;px&quot;,&quot;size&quot;:0.90000000000000002220446049250313080847263336181640625,&quot;sizes&quot;:[]},&quot;_transform_scale_effect_hover_tablet&quot;:{&quot;unit&quot;:&quot;px&quot;,&quot;size&quot;:&quot;&quot;,&quot;sizes&quot;:[]},&quot;_transform_scale_effect_hover_mobile&quot;:{&quot;unit&quot;:&quot;px&quot;,&quot;size&quot;:&quot;&quot;,&quot;sizes&quot;:[]}}\" data-widget_type=\"image.default\">\n\t\t\t\t<div class=\"elementor-widget-container\">\n\t\t\t\t\t\t\t\t\t\t\t\t\t\t\t<img loading=\"lazy\" decoding=\"async\" width=\"1751\" height=\"2001\" src=\"https:\/\/narwhalit.com\/web\/wp-content\/uploads\/2025\/03\/pilares_1-copia-5.jpg\" class=\"attachment-full size-full wp-image-1908\" alt=\"\" srcset=\"https:\/\/narwhalit.com\/web\/wp-content\/uploads\/2025\/03\/pilares_1-copia-5.jpg 1751w, https:\/\/narwhalit.com\/web\/wp-content\/uploads\/2025\/03\/pilares_1-copia-5-263x300.jpg 263w, https:\/\/narwhalit.com\/web\/wp-content\/uploads\/2025\/03\/pilares_1-copia-5-896x1024.jpg 896w, https:\/\/narwhalit.com\/web\/wp-content\/uploads\/2025\/03\/pilares_1-copia-5-768x878.jpg 768w, https:\/\/narwhalit.com\/web\/wp-content\/uploads\/2025\/03\/pilares_1-copia-5-1344x1536.jpg 1344w, https:\/\/narwhalit.com\/web\/wp-content\/uploads\/2025\/03\/pilares_1-copia-5-600x686.jpg 600w\" sizes=\"(max-width: 1751px) 100vw, 1751px\" \/>\t\t\t\t\t\t\t\t\t\t\t\t\t\t\t<\/div>\n\t\t\t\t<\/div>\n\t\t\t\t<\/div>\n\t\t\t\t<\/div>\n\t\t\t\t\t<\/div>\n\t\t\t\t<\/div>\n\t\t<div class=\"elementor-element elementor-element-08e5007 e-flex e-con-boxed e-con e-parent\" data-id=\"08e5007\" data-element_type=\"container\" data-settings=\"{&quot;background_background&quot;:&quot;classic&quot;}\">\n\t\t\t\t\t<div class=\"e-con-inner\">\n\t\t\t\t<div class=\"elementor-element elementor-element-b8bf5eb elementor-invisible elementor-widget elementor-widget-heading\" data-id=\"b8bf5eb\" data-element_type=\"widget\" data-settings=\"{&quot;_animation&quot;:&quot;zoomInUp&quot;}\" data-widget_type=\"heading.default\">\n\t\t\t\t<div class=\"elementor-widget-container\">\n\t\t\t\t\t<h2 class=\"elementor-heading-title elementor-size-default\">Nuestros Pilares s<span>on F<\/span><span>undamentales P<\/span>orque Establecen la Base Sobre la Cual Opera Nuestra Organizaci\u00f3n, Garantizando la C<strong data-start=\"159\" data-end=\"197\">onfianza, Integridad y Eficiencia.<\/strong><span> <\/span><\/h2>\t\t\t\t<\/div>\n\t\t\t\t<\/div>\n\t\t\t\t<div class=\"elementor-element elementor-element-407c19e elementor-widget elementor-widget-text-editor\" data-id=\"407c19e\" data-element_type=\"widget\" data-widget_type=\"text-editor.default\">\n\t\t\t\t<div class=\"elementor-widget-container\">\n\t\t\t\t\t\t\t\t\t<p><strong>NUESTROS PILARES NO SOLO AYUDAN A LA COMPA\u00d1\u00cdA A OFRECER UN MEJOR SERVICIO, SINO QUE TAMBI\u00c9N PROTEGEN A LOS CLIENTES, GARANTIZAN LA SEGURIDAD DE LA INFORMACI\u00d3N Y FORTALECEN LA REPUTACI\u00d3N DE NUESTRA EMPRESA.<\/strong><\/p>\t\t\t\t\t\t\t\t<\/div>\n\t\t\t\t<\/div>\n\t\t\t\t\t<\/div>\n\t\t\t\t<\/div>\n\t\t\t\t<\/div>\n\t\t","protected":false},"excerpt":{"rendered":"<p>01 Responsabilidad Asumir la responsabilidad de las acciones y decisiones, y comprometerse con los resultados. 02 Innovaci\u00f3n Fomentar la creatividad [&hellip;]<\/p>\n","protected":false},"author":2,"featured_media":0,"parent":0,"menu_order":0,"comment_status":"closed","ping_status":"closed","template":"","meta":{"site-sidebar-layout":"no-sidebar","site-content-layout":"","ast-site-content-layout":"full-width-container","site-content-style":"default","site-sidebar-style":"default","ast-global-header-display":"","ast-banner-title-visibility":"","ast-main-header-display":"","ast-hfb-above-header-display":"","ast-hfb-below-header-display":"","ast-hfb-mobile-header-display":"","site-post-title":"disabled","ast-breadcrumbs-content":"","ast-featured-img":"disabled","footer-sml-layout":"","theme-transparent-header-meta":"default","adv-header-id-meta":"","stick-header-meta":"","header-above-stick-meta":"","header-main-stick-meta":"","header-below-stick-meta":"","astra-migrate-meta-layouts":"default","ast-page-background-enabled":"default","ast-page-background-meta":{"desktop":{"background-color":"var(--ast-global-color-4)","background-image":"","background-repeat":"repeat","background-position":"center center","background-size":"auto","background-attachment":"scroll","background-type":"","background-media":"","overlay-type":"","overlay-color":"","overlay-opacity":"","overlay-gradient":""},"tablet":{"background-color":"","background-image":"","background-repeat":"repeat","background-position":"center center","background-size":"auto","background-attachment":"scroll","background-type":"","background-media":"","overlay-type":"","overlay-color":"","overlay-opacity":"","overlay-gradient":""},"mobile":{"background-color":"","background-image":"","background-repeat":"repeat","background-position":"center center","background-size":"auto","background-attachment":"scroll","background-type":"","background-media":"","overlay-type":"","overlay-color":"","overlay-opacity":"","overlay-gradient":""}},"ast-content-background-meta":{"desktop":{"background-color":"var(--ast-global-color-5)","background-image":"","background-repeat":"repeat","background-position":"center center","background-size":"auto","background-attachment":"scroll","background-type":"","background-media":"","overlay-type":"","overlay-color":"","overlay-opacity":"","overlay-gradient":""},"tablet":{"background-color":"var(--ast-global-color-5)","background-image":"","background-repeat":"repeat","background-position":"center center","background-size":"auto","background-attachment":"scroll","background-type":"","background-media":"","overlay-type":"","overlay-color":"","overlay-opacity":"","overlay-gradient":""},"mobile":{"background-color":"var(--ast-global-color-5)","background-image":"","background-repeat":"repeat","background-position":"center center","background-size":"auto","background-attachment":"scroll","background-type":"","background-media":"","overlay-type":"","overlay-color":"","overlay-opacity":"","overlay-gradient":""}},"footnotes":""},"class_list":["post-22","page","type-page","status-publish","hentry"],"_links":{"self":[{"href":"https:\/\/narwhalit.com\/web\/wp-json\/wp\/v2\/pages\/22","targetHints":{"allow":["GET"]}}],"collection":[{"href":"https:\/\/narwhalit.com\/web\/wp-json\/wp\/v2\/pages"}],"about":[{"href":"https:\/\/narwhalit.com\/web\/wp-json\/wp\/v2\/types\/page"}],"author":[{"embeddable":true,"href":"https:\/\/narwhalit.com\/web\/wp-json\/wp\/v2\/users\/2"}],"replies":[{"embeddable":true,"href":"https:\/\/narwhalit.com\/web\/wp-json\/wp\/v2\/comments?post=22"}],"version-history":[{"count":38,"href":"https:\/\/narwhalit.com\/web\/wp-json\/wp\/v2\/pages\/22\/revisions"}],"predecessor-version":[{"id":2015,"href":"https:\/\/narwhalit.com\/web\/wp-json\/wp\/v2\/pages\/22\/revisions\/2015"}],"wp:attachment":[{"href":"https:\/\/narwhalit.com\/web\/wp-json\/wp\/v2\/media?parent=22"}],"curies":[{"name":"wp","href":"https:\/\/api.w.org\/{rel}","templated":true}]}}